{"id":2,"date":"2022-12-31T13:35:57","date_gmt":"2022-12-31T13:35:57","guid":{"rendered":"https:\/\/boucherie.vamtam.com\/?page_id=2"},"modified":"2024-02-11T16:23:54","modified_gmt":"2024-02-11T16:23:54","slug":"integritetspolicy","status":"publish","type":"page","link":"https:\/\/primitivo.in\/?page_id=2","title":{"rendered":"Integritetspolicy"},"content":{"rendered":"\t\t<div data-elementor-type=\"wp-page\" data-elementor-id=\"2\" class=\"elementor elementor-2\" data-elementor-post-type=\"page\">\n\t\t\t\t\t\t<section class=\"elementor-section elementor-top-section elementor-element elementor-element-328f92c elementor-section-boxed elementor-section-height-default elementor-section-height-default\" data-id=\"328f92c\" data-element_type=\"section\" data-e-type=\"section\">\n\t\t\t\t\t\t<div class=\"elementor-container elementor-column-gap-no\">\n\t\t\t\t\t<div class=\"elementor-column elementor-col-100 elementor-top-column elementor-element elementor-element-f13f959\" data-id=\"f13f959\" data-element_type=\"column\" data-e-type=\"column\">\n\t\t\t<div class=\"elementor-widget-wrap elementor-element-populated\">\n\t\t\t\t\t\t<div class=\"elementor-element elementor-element-b45622e elementor-widget elementor-widget-spacer\" data-id=\"b45622e\" data-element_type=\"widget\" data-e-type=\"widget\" data-widget_type=\"spacer.default\">\n\t\t\t\t<div class=\"elementor-widget-container\">\n\t\t\t\t\t\t\t<div class=\"elementor-spacer\">\n\t\t\t<div class=\"elementor-spacer-inner\"><\/div>\n\t\t<\/div>\n\t\t\t\t\t\t<\/div>\n\t\t\t\t<\/div>\n\t\t\t\t\t<\/div>\n\t\t<\/div>\n\t\t\t\t\t<\/div>\n\t\t<\/section>\n\t\t\t\t<section class=\"elementor-section elementor-top-section elementor-element elementor-element-a545b27 elementor-section-boxed elementor-section-height-default elementor-section-height-default\" data-id=\"a545b27\" data-element_type=\"section\" data-e-type=\"section\">\n\t\t\t\t\t\t<div class=\"elementor-container elementor-column-gap-no\">\n\t\t\t\t\t<div class=\"elementor-column elementor-col-100 elementor-top-column elementor-element elementor-element-5808b286\" data-id=\"5808b286\" data-element_type=\"column\" data-e-type=\"column\">\n\t\t\t<div class=\"elementor-widget-wrap elementor-element-populated\">\n\t\t\t\t\t\t<div class=\"elementor-element elementor-element-14841aea elementor-widget elementor-widget-heading\" data-id=\"14841aea\" data-element_type=\"widget\" data-e-type=\"widget\" data-widget_type=\"heading.default\">\n\t\t\t\t<div class=\"elementor-widget-container\">\n\t\t\t\t\t<h3 class=\"elementor-heading-title elementor-size-default\">Integritetspolicy f\u00f6r www.restaurangprimitivo.com<\/h3>\t\t\t\t<\/div>\n\t\t\t\t<\/div>\n\t\t\t\t<div class=\"elementor-element elementor-element-6c9a4d21 elementor-widget elementor-widget-text-editor\" data-id=\"6c9a4d21\" data-element_type=\"widget\" data-e-type=\"widget\" data-widget_type=\"text-editor.default\">\n\t\t\t\t<div class=\"elementor-widget-container\">\n\t\t\t\t\t\t\t\t\t<p>Senast uppdaterad: 2024-02-11<\/p>\n<p>Vi p\u00e5 Primitivo di Papa Gabi AB (org. 559341-5101), driver www.restaurangprimitivo.com, v\u00e4rnar om din integritet och str\u00e4var efter att s\u00e4kerst\u00e4lla en trygg och s\u00e4ker anv\u00e4ndarupplevelse. Denna integritetspolicy beskriver hur vi samlar in, anv\u00e4nder, skyddar och delar personlig information som du tillhandah\u00e5ller genom v\u00e5r webbplats.<\/p>\n<p>1. Insamling av personlig information<\/p>\n<p>Vi samlar in personlig information n\u00e4r du frivilligt l\u00e4mnar den till oss genom formul\u00e4r f\u00f6r bokning, e-post eller andra digitala medel p\u00e5 www.restaurangprimtivo.com. Det kan inkludera namn, kontaktinformation och andra relevanta detaljer f\u00f6r att tillhandah\u00e5lla v\u00e5ra tj\u00e4nster.<\/p>\n<p>2. Anv\u00e4ndning av personlig information<\/p>\n<p>Vi anv\u00e4nder den insamlade informationen enbart f\u00f6r att kontrollera och bekr\u00e4fta bokningar samt f\u00f6r att svara p\u00e5 f\u00f6rfr\u00e5gningar som skickas till info@primitivo.in.<\/p>\n<p>3. Skydd av personlig information<\/p>\n<p>Vi vidtar rimliga tekniska och organisatoriska \u00e5tg\u00e4rder f\u00f6r att skydda den personliga informationen fr\u00e5n f\u00f6rlust, missbruk eller obeh\u00f6rig \u00e5tkomst.<\/p>\n<p>4. Delning av personlig information<\/p>\n<p>Vi delar inte din personliga information med tredje parter utan ditt samtycke, f\u00f6rutom n\u00e4r det kr\u00e4vs enligt lag eller f\u00f6r att skydda v\u00e5ra r\u00e4ttigheter.<\/p>\n<p>5. Cookies och liknande tekniker<\/p>\n<p>Vi kan anv\u00e4nda cookies och liknande tekniker f\u00f6r att f\u00f6rb\u00e4ttra din webbplatsupplevelse. Genom att anv\u00e4nda v\u00e5r webbplats samtycker du till anv\u00e4ndningen av dessa tekniker.<\/p>\n<p>6. L\u00e4nkar till externa webbplatser<\/p>\n<p>V\u00e5r webbplats kan inneh\u00e5lla l\u00e4nkar till externa webbplatser. Vi ansvarar inte f\u00f6r integritetspraxis eller inneh\u00e5llet p\u00e5 s\u00e5dana webbplatser och uppmanar anv\u00e4ndare att l\u00e4sa igenom deras integritetspolicyer.<\/p>\n<p>7. \u00c4ndringar i integritetspolicyn<\/p>\n<p>Denna integritetspolicy kan uppdateras fr\u00e5n tid till annan. Den senaste versionen kommer alltid att finnas tillg\u00e4nglig p\u00e5 v\u00e5r webbplats.<\/p>\n<p>8. Kontakta oss<\/p>\n<p>Om du har fr\u00e5gor, kommentarer eller f\u00f6rfr\u00e5gningar om denna integritetspolicy, v\u00e4nligen kontakta oss p\u00e5 info@primitivo.in.<\/p>\n<p>Genom att anv\u00e4nda www.restaurangprimitivo.com godk\u00e4nner du denna integritetspolicy och samtycker till v\u00e5ra insamlings- och anv\u00e4ndningspraxis som beskrivs h\u00e4r.<\/p>\t\t\t\t\t\t\t\t<\/div>\n\t\t\t\t<\/div>\n\t\t\t\t\t<\/div>\n\t\t<\/div>\n\t\t\t\t\t<\/div>\n\t\t<\/section>\n\t\t\t\t<\/div>\n\t\t","protected":false},"excerpt":{"rendered":"<p>Integritetspolicy f\u00f6r www.restaurangprimitivo.com Senast uppdaterad: 2024-02-11 Vi p\u00e5 Primitivo di Papa Gabi AB (org. 559341-5101), driver www.restaurangprimitivo.com, v\u00e4rnar om din integritet och str\u00e4var efter att s\u00e4kerst\u00e4lla en trygg och s\u00e4ker anv\u00e4ndarupplevelse. Denna integritetspolicy beskriver hur vi samlar in, anv\u00e4nder, skyddar och delar personlig information som du tillhandah\u00e5ller genom v\u00e5r webbplats. 1. Insamling av personlig information&#8230;<\/p>\n","protected":false},"author":1,"featured_media":0,"parent":0,"menu_order":0,"comment_status":"closed","ping_status":"closed","template":"","meta":{"footnotes":""},"class_list":["post-2","page","type-page","status-publish","hentry"],"_hostinger_reach_plugin_has_subscription_block":false,"_hostinger_reach_plugin_is_elementor":false,"_links":{"self":[{"href":"https:\/\/primitivo.in\/index.php?rest_route=\/wp\/v2\/pages\/2","targetHints":{"allow":["GET"]}}],"collection":[{"href":"https:\/\/primitivo.in\/index.php?rest_route=\/wp\/v2\/pages"}],"about":[{"href":"https:\/\/primitivo.in\/index.php?rest_route=\/wp\/v2\/types\/page"}],"author":[{"embeddable":true,"href":"https:\/\/primitivo.in\/index.php?rest_route=\/wp\/v2\/users\/1"}],"replies":[{"embeddable":true,"href":"https:\/\/primitivo.in\/index.php?rest_route=%2Fwp%2Fv2%2Fcomments&post=2"}],"version-history":[{"count":7,"href":"https:\/\/primitivo.in\/index.php?rest_route=\/wp\/v2\/pages\/2\/revisions"}],"predecessor-version":[{"id":987829,"href":"https:\/\/primitivo.in\/index.php?rest_route=\/wp\/v2\/pages\/2\/revisions\/987829"}],"wp:attachment":[{"href":"https:\/\/primitivo.in\/index.php?rest_route=%2Fwp%2Fv2%2Fmedia&parent=2"}],"curies":[{"name":"wp","href":"https:\/\/api.w.org\/{rel}","templated":true}]}}